{"id":8984,"date":"2026-01-31T17:47:36","date_gmt":"2026-01-31T15:47:36","guid":{"rendered":"https:\/\/www.hestiahotels.com\/strand\/pernavas-disku-golfa-laukumi\/"},"modified":"2026-01-31T17:48:11","modified_gmt":"2026-01-31T15:48:11","slug":"pernavas-disku-golfa-laukumi","status":"publish","type":"page","link":"https:\/\/www.hestiahotels.com\/strand\/lv\/aktivas-brivdienas\/pernavas-disku-golfa-laukumi\/","title":{"rendered":"P\u0113rnavas disku golfa laukumi"},"content":{"rendered":"","protected":false},"excerpt":{"rendered":"<p>Disku golfs ir sporta veids, ko ir jautri sp\u0113l\u0113t kop\u0101 ar \u0123imeni vai draugiem. Tas ne tikai nodro\u0161ina fizisku slodzi, bet ar\u012b sniedz iesp\u0113ju sevi atkl\u0101t, triecot grozus un g\u016bstot labus rezult\u0101tus. <\/p>\n<p>Disku golfa cien\u012bt\u0101ji P\u0113rnavas apri\u0146\u0137\u012b atrad\u012bs daudz disku golfa laukumu.  <\/p>\n","protected":false},"author":49,"featured_media":8985,"parent":9333,"menu_order":0,"comment_status":"closed","ping_status":"closed","template":"","meta":{"_acf_changed":false,"footnotes":""},"class_list":["post-8984","page","type-page","status-publish","has-post-thumbnail","hentry"],"acf":[],"yoast_head":"<!-- This site is optimized with the Yoast SEO plugin v27.2 - https:\/\/yoast.com\/product\/yoast-seo-wordpress\/ -->\n<title>P\u0113rnavas disku golfa laukumi |% %<\/title>\n<meta name=\"description\" content=\"Disku golfa cien\u012bt\u0101ji P\u0113rnavas apri\u0146\u0137\u012b atrad\u012bs daudz disku golfa laukumu. Uzziniet vair\u0101k \u0161eit!\" \/>\n<meta name=\"robots\" content=\"index, follow, max-snippet:-1, max-image-preview:large, max-video-preview:-1\" \/>\n<link rel=\"canonical\" href=\"https:\/\/www.hestiahotels.com\/strand\/lv\/aktivas-brivdienas\/pernavas-disku-golfa-laukumi\/\" \/>\n<meta property=\"og:locale\" content=\"lv_LV\" \/>\n<meta property=\"og:type\" content=\"article\" \/>\n<meta property=\"og:title\" content=\"P\u0113rnavas disku golfa laukumi |% %\" \/>\n<meta property=\"og:description\" content=\"Disku golfa cien\u012bt\u0101ji P\u0113rnavas apri\u0146\u0137\u012b atrad\u012bs daudz disku golfa laukumu. Uzziniet vair\u0101k \u0161eit!\" \/>\n<meta property=\"og:url\" content=\"https:\/\/www.hestiahotels.com\/strand\/lv\/aktivas-brivdienas\/pernavas-disku-golfa-laukumi\/\" \/>\n<meta property=\"og:site_name\" content=\"Hestia Hotel Strand\" \/>\n<meta property=\"article:publisher\" content=\"https:\/\/www.facebook.com\/hestiahotelstrand\/\" \/>\n<meta property=\"article:modified_time\" content=\"2026-01-31T15:48:11+00:00\" \/>\n<meta property=\"og:image\" content=\"https:\/\/www.hestiahotels.com\/strand\/wp-content\/uploads\/sites\/13\/2023\/06\/Pildid-1920x1080-8.jpg\" \/>\n\t<meta property=\"og:image:width\" content=\"1920\" \/>\n\t<meta property=\"og:image:height\" content=\"1080\" \/>\n\t<meta property=\"og:image:type\" content=\"image\/jpeg\" \/>\n<meta name=\"twitter:card\" content=\"summary_large_image\" \/>\n<script type=\"application\/ld+json\" class=\"yoast-schema-graph\">{\"@context\":\"https:\/\/schema.org\",\"@graph\":[{\"@type\":\"WebPage\",\"@id\":\"https:\/\/www.hestiahotels.com\/strand\/lv\/aktivas-brivdienas\/pernavas-disku-golfa-laukumi\/\",\"url\":\"https:\/\/www.hestiahotels.com\/strand\/lv\/aktivas-brivdienas\/pernavas-disku-golfa-laukumi\/\",\"name\":\"P\u0113rnavas disku golfa laukumi |% %\",\"isPartOf\":{\"@id\":\"https:\/\/www.hestiahotels.com\/strand\/#website\"},\"primaryImageOfPage\":{\"@id\":\"https:\/\/www.hestiahotels.com\/strand\/lv\/aktivas-brivdienas\/pernavas-disku-golfa-laukumi\/#primaryimage\"},\"image\":{\"@id\":\"https:\/\/www.hestiahotels.com\/strand\/lv\/aktivas-brivdienas\/pernavas-disku-golfa-laukumi\/#primaryimage\"},\"thumbnailUrl\":\"https:\/\/www.hestiahotels.com\/strand\/wp-content\/uploads\/sites\/13\/2023\/06\/Pildid-1920x1080-8.jpg\",\"datePublished\":\"2026-01-31T15:47:36+00:00\",\"dateModified\":\"2026-01-31T15:48:11+00:00\",\"description\":\"Disku golfa cien\u012bt\u0101ji P\u0113rnavas apri\u0146\u0137\u012b atrad\u012bs daudz disku golfa laukumu. Uzziniet vair\u0101k \u0161eit!\",\"breadcrumb\":{\"@id\":\"https:\/\/www.hestiahotels.com\/strand\/lv\/aktivas-brivdienas\/pernavas-disku-golfa-laukumi\/#breadcrumb\"},\"inLanguage\":\"lv-LV\",\"potentialAction\":[{\"@type\":\"ReadAction\",\"target\":[\"https:\/\/www.hestiahotels.com\/strand\/lv\/aktivas-brivdienas\/pernavas-disku-golfa-laukumi\/\"]}]},{\"@type\":\"ImageObject\",\"inLanguage\":\"lv-LV\",\"@id\":\"https:\/\/www.hestiahotels.com\/strand\/lv\/aktivas-brivdienas\/pernavas-disku-golfa-laukumi\/#primaryimage\",\"url\":\"https:\/\/www.hestiahotels.com\/strand\/wp-content\/uploads\/sites\/13\/2023\/06\/Pildid-1920x1080-8.jpg\",\"contentUrl\":\"https:\/\/www.hestiahotels.com\/strand\/wp-content\/uploads\/sites\/13\/2023\/06\/Pildid-1920x1080-8.jpg\",\"width\":1920,\"height\":1080,\"caption\":\"Disku golfs P\u0113rnav\u0101\"},{\"@type\":\"BreadcrumbList\",\"@id\":\"https:\/\/www.hestiahotels.com\/strand\/lv\/aktivas-brivdienas\/pernavas-disku-golfa-laukumi\/#breadcrumb\",\"itemListElement\":[{\"@type\":\"ListItem\",\"position\":1,\"name\":\"Home\",\"item\":\"https:\/\/www.hestiahotels.com\/strand\/lv\/\"},{\"@type\":\"ListItem\",\"position\":2,\"name\":\"Akt\u012bv\u0101s br\u012bvdienas\",\"item\":\"https:\/\/www.hestiahotels.com\/strand\/lv\/aktivas-brivdienas\/\"},{\"@type\":\"ListItem\",\"position\":3,\"name\":\"P\u0113rnavas disku golfa laukumi\"}]},{\"@type\":\"WebSite\",\"@id\":\"https:\/\/www.hestiahotels.com\/strand\/#website\",\"url\":\"https:\/\/www.hestiahotels.com\/strand\/\",\"name\":\"Hestia Hotel Strand\",\"description\":\"J\u00e4rjekordne Hestia Group Network veebileht\",\"publisher\":{\"@id\":\"https:\/\/www.hestiahotels.com\/strand\/#organization\"},\"potentialAction\":[{\"@type\":\"SearchAction\",\"target\":{\"@type\":\"EntryPoint\",\"urlTemplate\":\"https:\/\/www.hestiahotels.com\/strand\/?s={search_term_string}\"},\"query-input\":{\"@type\":\"PropertyValueSpecification\",\"valueRequired\":true,\"valueName\":\"search_term_string\"}}],\"inLanguage\":\"lv-LV\"},{\"@type\":\"Organization\",\"@id\":\"https:\/\/www.hestiahotels.com\/strand\/#organization\",\"name\":\"P\u00e4rnu Spa Hotell O\u00dc\",\"url\":\"https:\/\/www.hestiahotels.com\/strand\/\",\"logo\":{\"@type\":\"ImageObject\",\"inLanguage\":\"lv-LV\",\"@id\":\"https:\/\/www.hestiahotels.com\/strand\/#\/schema\/logo\/image\/\",\"url\":\"https:\/\/www.hestiahotels.com\/strand\/wp-content\/uploads\/sites\/13\/2023\/01\/STRAND_Hori_Tume.png\",\"contentUrl\":\"https:\/\/www.hestiahotels.com\/strand\/wp-content\/uploads\/sites\/13\/2023\/01\/STRAND_Hori_Tume.png\",\"width\":1953,\"height\":640,\"caption\":\"P\u00e4rnu Spa Hotell O\u00dc\"},\"image\":{\"@id\":\"https:\/\/www.hestiahotels.com\/strand\/#\/schema\/logo\/image\/\"},\"sameAs\":[\"https:\/\/www.facebook.com\/hestiahotelstrand\/\",\"https:\/\/www.instagram.com\/hestiahotelstrand\/\"]}]}<\/script>\n<!-- \/ Yoast SEO plugin. -->","yoast_head_json":{"title":"P\u0113rnavas disku golfa laukumi |% %","description":"Disku golfa cien\u012bt\u0101ji P\u0113rnavas apri\u0146\u0137\u012b atrad\u012bs daudz disku golfa laukumu. Uzziniet vair\u0101k \u0161eit!","robots":{"index":"index","follow":"follow","max-snippet":"max-snippet:-1","max-image-preview":"max-image-preview:large","max-video-preview":"max-video-preview:-1"},"canonical":"https:\/\/www.hestiahotels.com\/strand\/lv\/aktivas-brivdienas\/pernavas-disku-golfa-laukumi\/","og_locale":"lv_LV","og_type":"article","og_title":"P\u0113rnavas disku golfa laukumi |% %","og_description":"Disku golfa cien\u012bt\u0101ji P\u0113rnavas apri\u0146\u0137\u012b atrad\u012bs daudz disku golfa laukumu. Uzziniet vair\u0101k \u0161eit!","og_url":"https:\/\/www.hestiahotels.com\/strand\/lv\/aktivas-brivdienas\/pernavas-disku-golfa-laukumi\/","og_site_name":"Hestia Hotel Strand","article_publisher":"https:\/\/www.facebook.com\/hestiahotelstrand\/","article_modified_time":"2026-01-31T15:48:11+00:00","og_image":[{"width":1920,"height":1080,"url":"https:\/\/www.hestiahotels.com\/strand\/wp-content\/uploads\/sites\/13\/2023\/06\/Pildid-1920x1080-8.jpg","type":"image\/jpeg"}],"twitter_card":"summary_large_image","schema":{"@context":"https:\/\/schema.org","@graph":[{"@type":"WebPage","@id":"https:\/\/www.hestiahotels.com\/strand\/lv\/aktivas-brivdienas\/pernavas-disku-golfa-laukumi\/","url":"https:\/\/www.hestiahotels.com\/strand\/lv\/aktivas-brivdienas\/pernavas-disku-golfa-laukumi\/","name":"P\u0113rnavas disku golfa laukumi |% %","isPartOf":{"@id":"https:\/\/www.hestiahotels.com\/strand\/#website"},"primaryImageOfPage":{"@id":"https:\/\/www.hestiahotels.com\/strand\/lv\/aktivas-brivdienas\/pernavas-disku-golfa-laukumi\/#primaryimage"},"image":{"@id":"https:\/\/www.hestiahotels.com\/strand\/lv\/aktivas-brivdienas\/pernavas-disku-golfa-laukumi\/#primaryimage"},"thumbnailUrl":"https:\/\/www.hestiahotels.com\/strand\/wp-content\/uploads\/sites\/13\/2023\/06\/Pildid-1920x1080-8.jpg","datePublished":"2026-01-31T15:47:36+00:00","dateModified":"2026-01-31T15:48:11+00:00","description":"Disku golfa cien\u012bt\u0101ji P\u0113rnavas apri\u0146\u0137\u012b atrad\u012bs daudz disku golfa laukumu. Uzziniet vair\u0101k \u0161eit!","breadcrumb":{"@id":"https:\/\/www.hestiahotels.com\/strand\/lv\/aktivas-brivdienas\/pernavas-disku-golfa-laukumi\/#breadcrumb"},"inLanguage":"lv-LV","potentialAction":[{"@type":"ReadAction","target":["https:\/\/www.hestiahotels.com\/strand\/lv\/aktivas-brivdienas\/pernavas-disku-golfa-laukumi\/"]}]},{"@type":"ImageObject","inLanguage":"lv-LV","@id":"https:\/\/www.hestiahotels.com\/strand\/lv\/aktivas-brivdienas\/pernavas-disku-golfa-laukumi\/#primaryimage","url":"https:\/\/www.hestiahotels.com\/strand\/wp-content\/uploads\/sites\/13\/2023\/06\/Pildid-1920x1080-8.jpg","contentUrl":"https:\/\/www.hestiahotels.com\/strand\/wp-content\/uploads\/sites\/13\/2023\/06\/Pildid-1920x1080-8.jpg","width":1920,"height":1080,"caption":"Disku golfs P\u0113rnav\u0101"},{"@type":"BreadcrumbList","@id":"https:\/\/www.hestiahotels.com\/strand\/lv\/aktivas-brivdienas\/pernavas-disku-golfa-laukumi\/#breadcrumb","itemListElement":[{"@type":"ListItem","position":1,"name":"Home","item":"https:\/\/www.hestiahotels.com\/strand\/lv\/"},{"@type":"ListItem","position":2,"name":"Akt\u012bv\u0101s br\u012bvdienas","item":"https:\/\/www.hestiahotels.com\/strand\/lv\/aktivas-brivdienas\/"},{"@type":"ListItem","position":3,"name":"P\u0113rnavas disku golfa laukumi"}]},{"@type":"WebSite","@id":"https:\/\/www.hestiahotels.com\/strand\/#website","url":"https:\/\/www.hestiahotels.com\/strand\/","name":"Hestia Hotel Strand","description":"J\u00e4rjekordne Hestia Group Network veebileht","publisher":{"@id":"https:\/\/www.hestiahotels.com\/strand\/#organization"},"potentialAction":[{"@type":"SearchAction","target":{"@type":"EntryPoint","urlTemplate":"https:\/\/www.hestiahotels.com\/strand\/?s={search_term_string}"},"query-input":{"@type":"PropertyValueSpecification","valueRequired":true,"valueName":"search_term_string"}}],"inLanguage":"lv-LV"},{"@type":"Organization","@id":"https:\/\/www.hestiahotels.com\/strand\/#organization","name":"P\u00e4rnu Spa Hotell O\u00dc","url":"https:\/\/www.hestiahotels.com\/strand\/","logo":{"@type":"ImageObject","inLanguage":"lv-LV","@id":"https:\/\/www.hestiahotels.com\/strand\/#\/schema\/logo\/image\/","url":"https:\/\/www.hestiahotels.com\/strand\/wp-content\/uploads\/sites\/13\/2023\/01\/STRAND_Hori_Tume.png","contentUrl":"https:\/\/www.hestiahotels.com\/strand\/wp-content\/uploads\/sites\/13\/2023\/01\/STRAND_Hori_Tume.png","width":1953,"height":640,"caption":"P\u00e4rnu Spa Hotell O\u00dc"},"image":{"@id":"https:\/\/www.hestiahotels.com\/strand\/#\/schema\/logo\/image\/"},"sameAs":["https:\/\/www.facebook.com\/hestiahotelstrand\/","https:\/\/www.instagram.com\/hestiahotelstrand\/"]}]}},"_links":{"self":[{"href":"https:\/\/www.hestiahotels.com\/strand\/lv\/wp-json\/wp\/v2\/pages\/8984","targetHints":{"allow":["GET"]}}],"collection":[{"href":"https:\/\/www.hestiahotels.com\/strand\/lv\/wp-json\/wp\/v2\/pages"}],"about":[{"href":"https:\/\/www.hestiahotels.com\/strand\/lv\/wp-json\/wp\/v2\/types\/page"}],"author":[{"embeddable":true,"href":"https:\/\/www.hestiahotels.com\/strand\/lv\/wp-json\/wp\/v2\/users\/49"}],"replies":[{"embeddable":true,"href":"https:\/\/www.hestiahotels.com\/strand\/lv\/wp-json\/wp\/v2\/comments?post=8984"}],"version-history":[{"count":1,"href":"https:\/\/www.hestiahotels.com\/strand\/lv\/wp-json\/wp\/v2\/pages\/8984\/revisions"}],"predecessor-version":[{"id":9334,"href":"https:\/\/www.hestiahotels.com\/strand\/lv\/wp-json\/wp\/v2\/pages\/8984\/revisions\/9334"}],"up":[{"embeddable":true,"href":"https:\/\/www.hestiahotels.com\/strand\/lv\/wp-json\/wp\/v2\/pages\/9333"}],"wp:featuredmedia":[{"embeddable":true,"href":"https:\/\/www.hestiahotels.com\/strand\/lv\/wp-json\/wp\/v2\/media\/8985"}],"wp:attachment":[{"href":"https:\/\/www.hestiahotels.com\/strand\/lv\/wp-json\/wp\/v2\/media?parent=8984"}],"curies":[{"name":"wp","href":"https:\/\/api.w.org\/{rel}","templated":true}]}}