{"id":9133,"date":"2026-01-31T17:47:42","date_gmt":"2026-01-31T15:47:42","guid":{"rendered":"https:\/\/www.hestiahotels.com\/strand\/pernavas-citi\/"},"modified":"2026-01-31T17:48:11","modified_gmt":"2026-01-31T15:48:11","slug":"pernavas-citi","status":"publish","type":"page","link":"https:\/\/www.hestiahotels.com\/strand\/lv\/aktivas-brivdienas\/pernavas-citi\/","title":{"rendered":"P\u0113rnavas citi"},"content":{"rendered":"","protected":false},"excerpt":{"rendered":"<p>P\u0113rnavas mula noteikti ir viens no liel\u0101kajiem P\u0113rnavas d\u0101rgakme\u0146iem &#8211; galu gal\u0101 tas ir vair\u0101k nek\u0101 150 gadus vecs piemineklis. Savulaik uzb\u016bv\u0113ts, lai padzi\u013cin\u0101tu ostu un veicin\u0101tu tirdzniec\u012bbu, P\u0113rnavas mola m\u016bsdien\u0101s ir k\u013cuvis par noz\u012bm\u012bgu t\u016brisma apskates objektu. <\/p>\n","protected":false},"author":49,"featured_media":9134,"parent":9333,"menu_order":0,"comment_status":"closed","ping_status":"closed","template":"","meta":{"_acf_changed":false,"footnotes":""},"class_list":["post-9133","page","type-page","status-publish","has-post-thumbnail","hentry"],"acf":[],"yoast_head":"<!-- This site is optimized with the Yoast SEO plugin v27.2 - https:\/\/yoast.com\/product\/yoast-seo-wordpress\/ -->\n<title>P\u0113rnavas citi % |% %<\/title>\n<meta name=\"description\" content=\"P\u0113rnavas mula noteikti ir viens no liel\u0101kajiem P\u0113rnavas d\u0101rgakme\u0146iem - galu gal\u0101 tas ir vair\u0101k nek\u0101 150 gadus vecs piemineklis.\" \/>\n<meta name=\"robots\" content=\"index, follow, max-snippet:-1, max-image-preview:large, max-video-preview:-1\" \/>\n<link rel=\"canonical\" href=\"https:\/\/www.hestiahotels.com\/strand\/lv\/aktivas-brivdienas\/pernavas-citi\/\" \/>\n<meta property=\"og:locale\" content=\"lv_LV\" \/>\n<meta property=\"og:type\" content=\"article\" \/>\n<meta property=\"og:title\" content=\"P\u0113rnavas citi % |% %\" \/>\n<meta property=\"og:description\" content=\"P\u0113rnavas mula noteikti ir viens no liel\u0101kajiem P\u0113rnavas d\u0101rgakme\u0146iem - galu gal\u0101 tas ir vair\u0101k nek\u0101 150 gadus vecs piemineklis.\" \/>\n<meta property=\"og:url\" content=\"https:\/\/www.hestiahotels.com\/strand\/lv\/aktivas-brivdienas\/pernavas-citi\/\" \/>\n<meta property=\"og:site_name\" content=\"Hestia Hotel Strand\" \/>\n<meta property=\"article:publisher\" content=\"https:\/\/www.facebook.com\/hestiahotelstrand\/\" \/>\n<meta property=\"article:modified_time\" content=\"2026-01-31T15:48:11+00:00\" \/>\n<meta property=\"og:image\" content=\"https:\/\/www.hestiahotels.com\/strand\/wp-content\/uploads\/sites\/13\/2023\/06\/Pildid-1920x1080-1-2.jpg\" \/>\n\t<meta property=\"og:image:width\" content=\"1920\" \/>\n\t<meta property=\"og:image:height\" content=\"1080\" \/>\n\t<meta property=\"og:image:type\" content=\"image\/jpeg\" \/>\n<meta name=\"twitter:card\" content=\"summary_large_image\" \/>\n<script type=\"application\/ld+json\" class=\"yoast-schema-graph\">{\"@context\":\"https:\/\/schema.org\",\"@graph\":[{\"@type\":\"WebPage\",\"@id\":\"https:\/\/www.hestiahotels.com\/strand\/lv\/aktivas-brivdienas\/pernavas-citi\/\",\"url\":\"https:\/\/www.hestiahotels.com\/strand\/lv\/aktivas-brivdienas\/pernavas-citi\/\",\"name\":\"P\u0113rnavas citi % |% %\",\"isPartOf\":{\"@id\":\"https:\/\/www.hestiahotels.com\/strand\/#website\"},\"primaryImageOfPage\":{\"@id\":\"https:\/\/www.hestiahotels.com\/strand\/lv\/aktivas-brivdienas\/pernavas-citi\/#primaryimage\"},\"image\":{\"@id\":\"https:\/\/www.hestiahotels.com\/strand\/lv\/aktivas-brivdienas\/pernavas-citi\/#primaryimage\"},\"thumbnailUrl\":\"https:\/\/www.hestiahotels.com\/strand\/wp-content\/uploads\/sites\/13\/2023\/06\/Pildid-1920x1080-1-2.jpg\",\"datePublished\":\"2026-01-31T15:47:42+00:00\",\"dateModified\":\"2026-01-31T15:48:11+00:00\",\"description\":\"P\u0113rnavas mula noteikti ir viens no liel\u0101kajiem P\u0113rnavas d\u0101rgakme\u0146iem - galu gal\u0101 tas ir vair\u0101k nek\u0101 150 gadus vecs piemineklis.\",\"breadcrumb\":{\"@id\":\"https:\/\/www.hestiahotels.com\/strand\/lv\/aktivas-brivdienas\/pernavas-citi\/#breadcrumb\"},\"inLanguage\":\"lv-LV\",\"potentialAction\":[{\"@type\":\"ReadAction\",\"target\":[\"https:\/\/www.hestiahotels.com\/strand\/lv\/aktivas-brivdienas\/pernavas-citi\/\"]}]},{\"@type\":\"ImageObject\",\"inLanguage\":\"lv-LV\",\"@id\":\"https:\/\/www.hestiahotels.com\/strand\/lv\/aktivas-brivdienas\/pernavas-citi\/#primaryimage\",\"url\":\"https:\/\/www.hestiahotels.com\/strand\/wp-content\/uploads\/sites\/13\/2023\/06\/Pildid-1920x1080-1-2.jpg\",\"contentUrl\":\"https:\/\/www.hestiahotels.com\/strand\/wp-content\/uploads\/sites\/13\/2023\/06\/Pildid-1920x1080-1-2.jpg\",\"width\":1920,\"height\":1080},{\"@type\":\"BreadcrumbList\",\"@id\":\"https:\/\/www.hestiahotels.com\/strand\/lv\/aktivas-brivdienas\/pernavas-citi\/#breadcrumb\",\"itemListElement\":[{\"@type\":\"ListItem\",\"position\":1,\"name\":\"Home\",\"item\":\"https:\/\/www.hestiahotels.com\/strand\/lv\/\"},{\"@type\":\"ListItem\",\"position\":2,\"name\":\"Akt\u012bv\u0101s br\u012bvdienas\",\"item\":\"https:\/\/www.hestiahotels.com\/strand\/lv\/aktivas-brivdienas\/\"},{\"@type\":\"ListItem\",\"position\":3,\"name\":\"P\u0113rnavas citi\"}]},{\"@type\":\"WebSite\",\"@id\":\"https:\/\/www.hestiahotels.com\/strand\/#website\",\"url\":\"https:\/\/www.hestiahotels.com\/strand\/\",\"name\":\"Hestia Hotel Strand\",\"description\":\"J\u00e4rjekordne Hestia Group Network veebileht\",\"publisher\":{\"@id\":\"https:\/\/www.hestiahotels.com\/strand\/#organization\"},\"potentialAction\":[{\"@type\":\"SearchAction\",\"target\":{\"@type\":\"EntryPoint\",\"urlTemplate\":\"https:\/\/www.hestiahotels.com\/strand\/?s={search_term_string}\"},\"query-input\":{\"@type\":\"PropertyValueSpecification\",\"valueRequired\":true,\"valueName\":\"search_term_string\"}}],\"inLanguage\":\"lv-LV\"},{\"@type\":\"Organization\",\"@id\":\"https:\/\/www.hestiahotels.com\/strand\/#organization\",\"name\":\"P\u00e4rnu Spa Hotell O\u00dc\",\"url\":\"https:\/\/www.hestiahotels.com\/strand\/\",\"logo\":{\"@type\":\"ImageObject\",\"inLanguage\":\"lv-LV\",\"@id\":\"https:\/\/www.hestiahotels.com\/strand\/#\/schema\/logo\/image\/\",\"url\":\"https:\/\/www.hestiahotels.com\/strand\/wp-content\/uploads\/sites\/13\/2023\/01\/STRAND_Hori_Tume.png\",\"contentUrl\":\"https:\/\/www.hestiahotels.com\/strand\/wp-content\/uploads\/sites\/13\/2023\/01\/STRAND_Hori_Tume.png\",\"width\":1953,\"height\":640,\"caption\":\"P\u00e4rnu Spa Hotell O\u00dc\"},\"image\":{\"@id\":\"https:\/\/www.hestiahotels.com\/strand\/#\/schema\/logo\/image\/\"},\"sameAs\":[\"https:\/\/www.facebook.com\/hestiahotelstrand\/\",\"https:\/\/www.instagram.com\/hestiahotelstrand\/\"]}]}<\/script>\n<!-- \/ Yoast SEO plugin. -->","yoast_head_json":{"title":"P\u0113rnavas citi % |% %","description":"P\u0113rnavas mula noteikti ir viens no liel\u0101kajiem P\u0113rnavas d\u0101rgakme\u0146iem - galu gal\u0101 tas ir vair\u0101k nek\u0101 150 gadus vecs piemineklis.","robots":{"index":"index","follow":"follow","max-snippet":"max-snippet:-1","max-image-preview":"max-image-preview:large","max-video-preview":"max-video-preview:-1"},"canonical":"https:\/\/www.hestiahotels.com\/strand\/lv\/aktivas-brivdienas\/pernavas-citi\/","og_locale":"lv_LV","og_type":"article","og_title":"P\u0113rnavas citi % |% %","og_description":"P\u0113rnavas mula noteikti ir viens no liel\u0101kajiem P\u0113rnavas d\u0101rgakme\u0146iem - galu gal\u0101 tas ir vair\u0101k nek\u0101 150 gadus vecs piemineklis.","og_url":"https:\/\/www.hestiahotels.com\/strand\/lv\/aktivas-brivdienas\/pernavas-citi\/","og_site_name":"Hestia Hotel Strand","article_publisher":"https:\/\/www.facebook.com\/hestiahotelstrand\/","article_modified_time":"2026-01-31T15:48:11+00:00","og_image":[{"width":1920,"height":1080,"url":"https:\/\/www.hestiahotels.com\/strand\/wp-content\/uploads\/sites\/13\/2023\/06\/Pildid-1920x1080-1-2.jpg","type":"image\/jpeg"}],"twitter_card":"summary_large_image","schema":{"@context":"https:\/\/schema.org","@graph":[{"@type":"WebPage","@id":"https:\/\/www.hestiahotels.com\/strand\/lv\/aktivas-brivdienas\/pernavas-citi\/","url":"https:\/\/www.hestiahotels.com\/strand\/lv\/aktivas-brivdienas\/pernavas-citi\/","name":"P\u0113rnavas citi % |% %","isPartOf":{"@id":"https:\/\/www.hestiahotels.com\/strand\/#website"},"primaryImageOfPage":{"@id":"https:\/\/www.hestiahotels.com\/strand\/lv\/aktivas-brivdienas\/pernavas-citi\/#primaryimage"},"image":{"@id":"https:\/\/www.hestiahotels.com\/strand\/lv\/aktivas-brivdienas\/pernavas-citi\/#primaryimage"},"thumbnailUrl":"https:\/\/www.hestiahotels.com\/strand\/wp-content\/uploads\/sites\/13\/2023\/06\/Pildid-1920x1080-1-2.jpg","datePublished":"2026-01-31T15:47:42+00:00","dateModified":"2026-01-31T15:48:11+00:00","description":"P\u0113rnavas mula noteikti ir viens no liel\u0101kajiem P\u0113rnavas d\u0101rgakme\u0146iem - galu gal\u0101 tas ir vair\u0101k nek\u0101 150 gadus vecs piemineklis.","breadcrumb":{"@id":"https:\/\/www.hestiahotels.com\/strand\/lv\/aktivas-brivdienas\/pernavas-citi\/#breadcrumb"},"inLanguage":"lv-LV","potentialAction":[{"@type":"ReadAction","target":["https:\/\/www.hestiahotels.com\/strand\/lv\/aktivas-brivdienas\/pernavas-citi\/"]}]},{"@type":"ImageObject","inLanguage":"lv-LV","@id":"https:\/\/www.hestiahotels.com\/strand\/lv\/aktivas-brivdienas\/pernavas-citi\/#primaryimage","url":"https:\/\/www.hestiahotels.com\/strand\/wp-content\/uploads\/sites\/13\/2023\/06\/Pildid-1920x1080-1-2.jpg","contentUrl":"https:\/\/www.hestiahotels.com\/strand\/wp-content\/uploads\/sites\/13\/2023\/06\/Pildid-1920x1080-1-2.jpg","width":1920,"height":1080},{"@type":"BreadcrumbList","@id":"https:\/\/www.hestiahotels.com\/strand\/lv\/aktivas-brivdienas\/pernavas-citi\/#breadcrumb","itemListElement":[{"@type":"ListItem","position":1,"name":"Home","item":"https:\/\/www.hestiahotels.com\/strand\/lv\/"},{"@type":"ListItem","position":2,"name":"Akt\u012bv\u0101s br\u012bvdienas","item":"https:\/\/www.hestiahotels.com\/strand\/lv\/aktivas-brivdienas\/"},{"@type":"ListItem","position":3,"name":"P\u0113rnavas citi"}]},{"@type":"WebSite","@id":"https:\/\/www.hestiahotels.com\/strand\/#website","url":"https:\/\/www.hestiahotels.com\/strand\/","name":"Hestia Hotel Strand","description":"J\u00e4rjekordne Hestia Group Network veebileht","publisher":{"@id":"https:\/\/www.hestiahotels.com\/strand\/#organization"},"potentialAction":[{"@type":"SearchAction","target":{"@type":"EntryPoint","urlTemplate":"https:\/\/www.hestiahotels.com\/strand\/?s={search_term_string}"},"query-input":{"@type":"PropertyValueSpecification","valueRequired":true,"valueName":"search_term_string"}}],"inLanguage":"lv-LV"},{"@type":"Organization","@id":"https:\/\/www.hestiahotels.com\/strand\/#organization","name":"P\u00e4rnu Spa Hotell O\u00dc","url":"https:\/\/www.hestiahotels.com\/strand\/","logo":{"@type":"ImageObject","inLanguage":"lv-LV","@id":"https:\/\/www.hestiahotels.com\/strand\/#\/schema\/logo\/image\/","url":"https:\/\/www.hestiahotels.com\/strand\/wp-content\/uploads\/sites\/13\/2023\/01\/STRAND_Hori_Tume.png","contentUrl":"https:\/\/www.hestiahotels.com\/strand\/wp-content\/uploads\/sites\/13\/2023\/01\/STRAND_Hori_Tume.png","width":1953,"height":640,"caption":"P\u00e4rnu Spa Hotell O\u00dc"},"image":{"@id":"https:\/\/www.hestiahotels.com\/strand\/#\/schema\/logo\/image\/"},"sameAs":["https:\/\/www.facebook.com\/hestiahotelstrand\/","https:\/\/www.instagram.com\/hestiahotelstrand\/"]}]}},"_links":{"self":[{"href":"https:\/\/www.hestiahotels.com\/strand\/lv\/wp-json\/wp\/v2\/pages\/9133","targetHints":{"allow":["GET"]}}],"collection":[{"href":"https:\/\/www.hestiahotels.com\/strand\/lv\/wp-json\/wp\/v2\/pages"}],"about":[{"href":"https:\/\/www.hestiahotels.com\/strand\/lv\/wp-json\/wp\/v2\/types\/page"}],"author":[{"embeddable":true,"href":"https:\/\/www.hestiahotels.com\/strand\/lv\/wp-json\/wp\/v2\/users\/49"}],"replies":[{"embeddable":true,"href":"https:\/\/www.hestiahotels.com\/strand\/lv\/wp-json\/wp\/v2\/comments?post=9133"}],"version-history":[{"count":1,"href":"https:\/\/www.hestiahotels.com\/strand\/lv\/wp-json\/wp\/v2\/pages\/9133\/revisions"}],"predecessor-version":[{"id":9140,"href":"https:\/\/www.hestiahotels.com\/strand\/lv\/wp-json\/wp\/v2\/pages\/9133\/revisions\/9140"}],"up":[{"embeddable":true,"href":"https:\/\/www.hestiahotels.com\/strand\/lv\/wp-json\/wp\/v2\/pages\/9333"}],"wp:featuredmedia":[{"embeddable":true,"href":"https:\/\/www.hestiahotels.com\/strand\/lv\/wp-json\/wp\/v2\/media\/9134"}],"wp:attachment":[{"href":"https:\/\/www.hestiahotels.com\/strand\/lv\/wp-json\/wp\/v2\/media?parent=9133"}],"curies":[{"name":"wp","href":"https:\/\/api.w.org\/{rel}","templated":true}]}}