{"id":9345,"date":"2026-01-31T17:48:12","date_gmt":"2026-01-31T15:48:12","guid":{"rendered":"https:\/\/www.hestiahotels.com\/strand\/aktivas-brivdienas\/padel-shark\/"},"modified":"2026-01-31T17:48:12","modified_gmt":"2026-01-31T15:48:12","slug":"padel-shark","status":"publish","type":"page","link":"https:\/\/www.hestiahotels.com\/strand\/lv\/aktivas-brivdienas\/padel-shark\/","title":{"rendered":"Padel Shark"},"content":{"rendered":"","protected":false},"excerpt":{"rendered":"<p>Badmintons ir vienk\u0101r\u0161s un jautrs atp\u016btas sporta veids, kas piem\u0113rots visu vecumu sporta entuziastiem. Lai izbaud\u012btu sp\u0113li, nav nepiecie\u0161ama iepriek\u0161\u0113ja pieredze &#8211; viss, kas jums nepiecie\u0161ams, ir labs noska\u0146ojums un lieliski sp\u0113les biedri!   <\/p>\n<p>Padel Shark air\u0113\u0161anas laukums atrodas 3 min\u016b\u0161u g\u0101jiena att\u0101lum\u0101 aiz Hestia Hotel Strand.<\/p>\n","protected":false},"author":49,"featured_media":9347,"parent":9333,"menu_order":0,"comment_status":"closed","ping_status":"closed","template":"","meta":{"_acf_changed":false,"footnotes":""},"class_list":["post-9345","page","type-page","status-publish","has-post-thumbnail","hentry"],"acf":[],"yoast_head":"<!-- This site is optimized with the Yoast SEO plugin v27.2 - https:\/\/yoast.com\/product\/yoast-seo-wordpress\/ -->\n<title>Padel Shark % |% %<\/title>\n<meta name=\"description\" content=\"Aiz Hestia Hotel Strand atrodas Padel Shark air\u0113\u0161anas laukums, kur var rezerv\u0113t laukumu, iznom\u0101t padel rite\u0146us un bumbi\u0146as un organiz\u0113t pas\u0101kumus.\" \/>\n<meta name=\"robots\" content=\"index, follow, max-snippet:-1, max-image-preview:large, max-video-preview:-1\" \/>\n<link rel=\"canonical\" href=\"https:\/\/www.hestiahotels.com\/strand\/lv\/aktivas-brivdienas\/padel-shark\/\" \/>\n<meta property=\"og:locale\" content=\"lv_LV\" \/>\n<meta property=\"og:type\" content=\"article\" \/>\n<meta property=\"og:title\" content=\"Padel Shark % |% %\" \/>\n<meta property=\"og:description\" content=\"Aiz Hestia Hotel Strand atrodas Padel Shark air\u0113\u0161anas laukums, kur var rezerv\u0113t laukumu, iznom\u0101t padel rite\u0146us un bumbi\u0146as un organiz\u0113t pas\u0101kumus.\" \/>\n<meta property=\"og:url\" content=\"https:\/\/www.hestiahotels.com\/strand\/lv\/aktivas-brivdienas\/padel-shark\/\" \/>\n<meta property=\"og:site_name\" content=\"Hestia Hotel Strand\" \/>\n<meta property=\"article:publisher\" content=\"https:\/\/www.facebook.com\/hestiahotelstrand\/\" \/>\n<meta property=\"og:image\" content=\"https:\/\/www.hestiahotels.com\/strand\/wp-content\/uploads\/sites\/13\/2023\/06\/Pildid-1920x1080-10.jpg\" \/>\n\t<meta property=\"og:image:width\" content=\"1920\" \/>\n\t<meta property=\"og:image:height\" content=\"1080\" \/>\n\t<meta property=\"og:image:type\" content=\"image\/jpeg\" \/>\n<meta name=\"twitter:card\" content=\"summary_large_image\" \/>\n<script type=\"application\/ld+json\" class=\"yoast-schema-graph\">{\"@context\":\"https:\/\/schema.org\",\"@graph\":[{\"@type\":\"WebPage\",\"@id\":\"https:\/\/www.hestiahotels.com\/strand\/lv\/aktivas-brivdienas\/padel-shark\/\",\"url\":\"https:\/\/www.hestiahotels.com\/strand\/lv\/aktivas-brivdienas\/padel-shark\/\",\"name\":\"Padel Shark % |% %\",\"isPartOf\":{\"@id\":\"https:\/\/www.hestiahotels.com\/strand\/#website\"},\"primaryImageOfPage\":{\"@id\":\"https:\/\/www.hestiahotels.com\/strand\/lv\/aktivas-brivdienas\/padel-shark\/#primaryimage\"},\"image\":{\"@id\":\"https:\/\/www.hestiahotels.com\/strand\/lv\/aktivas-brivdienas\/padel-shark\/#primaryimage\"},\"thumbnailUrl\":\"https:\/\/www.hestiahotels.com\/strand\/wp-content\/uploads\/sites\/13\/2023\/06\/Pildid-1920x1080-10.jpg\",\"datePublished\":\"2026-01-31T15:48:12+00:00\",\"description\":\"Aiz Hestia Hotel Strand atrodas Padel Shark air\u0113\u0161anas laukums, kur var rezerv\u0113t laukumu, iznom\u0101t padel rite\u0146us un bumbi\u0146as un organiz\u0113t pas\u0101kumus.\",\"breadcrumb\":{\"@id\":\"https:\/\/www.hestiahotels.com\/strand\/lv\/aktivas-brivdienas\/padel-shark\/#breadcrumb\"},\"inLanguage\":\"lv-LV\",\"potentialAction\":[{\"@type\":\"ReadAction\",\"target\":[\"https:\/\/www.hestiahotels.com\/strand\/lv\/aktivas-brivdienas\/padel-shark\/\"]}]},{\"@type\":\"ImageObject\",\"inLanguage\":\"lv-LV\",\"@id\":\"https:\/\/www.hestiahotels.com\/strand\/lv\/aktivas-brivdienas\/padel-shark\/#primaryimage\",\"url\":\"https:\/\/www.hestiahotels.com\/strand\/wp-content\/uploads\/sites\/13\/2023\/06\/Pildid-1920x1080-10.jpg\",\"contentUrl\":\"https:\/\/www.hestiahotels.com\/strand\/wp-content\/uploads\/sites\/13\/2023\/06\/Pildid-1920x1080-10.jpg\",\"width\":1920,\"height\":1080,\"caption\":\"Hestia Hotel pludmale\"},{\"@type\":\"BreadcrumbList\",\"@id\":\"https:\/\/www.hestiahotels.com\/strand\/lv\/aktivas-brivdienas\/padel-shark\/#breadcrumb\",\"itemListElement\":[{\"@type\":\"ListItem\",\"position\":1,\"name\":\"Home\",\"item\":\"https:\/\/www.hestiahotels.com\/strand\/lv\/\"},{\"@type\":\"ListItem\",\"position\":2,\"name\":\"Akt\u012bv\u0101s br\u012bvdienas\",\"item\":\"https:\/\/www.hestiahotels.com\/strand\/lv\/aktivas-brivdienas\/\"},{\"@type\":\"ListItem\",\"position\":3,\"name\":\"Padel Shark\"}]},{\"@type\":\"WebSite\",\"@id\":\"https:\/\/www.hestiahotels.com\/strand\/#website\",\"url\":\"https:\/\/www.hestiahotels.com\/strand\/\",\"name\":\"Hestia Hotel Strand\",\"description\":\"J\u00e4rjekordne Hestia Group Network veebileht\",\"publisher\":{\"@id\":\"https:\/\/www.hestiahotels.com\/strand\/#organization\"},\"potentialAction\":[{\"@type\":\"SearchAction\",\"target\":{\"@type\":\"EntryPoint\",\"urlTemplate\":\"https:\/\/www.hestiahotels.com\/strand\/?s={search_term_string}\"},\"query-input\":{\"@type\":\"PropertyValueSpecification\",\"valueRequired\":true,\"valueName\":\"search_term_string\"}}],\"inLanguage\":\"lv-LV\"},{\"@type\":\"Organization\",\"@id\":\"https:\/\/www.hestiahotels.com\/strand\/#organization\",\"name\":\"P\u00e4rnu Spa Hotell O\u00dc\",\"url\":\"https:\/\/www.hestiahotels.com\/strand\/\",\"logo\":{\"@type\":\"ImageObject\",\"inLanguage\":\"lv-LV\",\"@id\":\"https:\/\/www.hestiahotels.com\/strand\/#\/schema\/logo\/image\/\",\"url\":\"https:\/\/www.hestiahotels.com\/strand\/wp-content\/uploads\/sites\/13\/2023\/01\/STRAND_Hori_Tume.png\",\"contentUrl\":\"https:\/\/www.hestiahotels.com\/strand\/wp-content\/uploads\/sites\/13\/2023\/01\/STRAND_Hori_Tume.png\",\"width\":1953,\"height\":640,\"caption\":\"P\u00e4rnu Spa Hotell O\u00dc\"},\"image\":{\"@id\":\"https:\/\/www.hestiahotels.com\/strand\/#\/schema\/logo\/image\/\"},\"sameAs\":[\"https:\/\/www.facebook.com\/hestiahotelstrand\/\",\"https:\/\/www.instagram.com\/hestiahotelstrand\/\"]}]}<\/script>\n<!-- \/ Yoast SEO plugin. -->","yoast_head_json":{"title":"Padel Shark % |% %","description":"Aiz Hestia Hotel Strand atrodas Padel Shark air\u0113\u0161anas laukums, kur var rezerv\u0113t laukumu, iznom\u0101t padel rite\u0146us un bumbi\u0146as un organiz\u0113t pas\u0101kumus.","robots":{"index":"index","follow":"follow","max-snippet":"max-snippet:-1","max-image-preview":"max-image-preview:large","max-video-preview":"max-video-preview:-1"},"canonical":"https:\/\/www.hestiahotels.com\/strand\/lv\/aktivas-brivdienas\/padel-shark\/","og_locale":"lv_LV","og_type":"article","og_title":"Padel Shark % |% %","og_description":"Aiz Hestia Hotel Strand atrodas Padel Shark air\u0113\u0161anas laukums, kur var rezerv\u0113t laukumu, iznom\u0101t padel rite\u0146us un bumbi\u0146as un organiz\u0113t pas\u0101kumus.","og_url":"https:\/\/www.hestiahotels.com\/strand\/lv\/aktivas-brivdienas\/padel-shark\/","og_site_name":"Hestia Hotel Strand","article_publisher":"https:\/\/www.facebook.com\/hestiahotelstrand\/","og_image":[{"width":1920,"height":1080,"url":"https:\/\/www.hestiahotels.com\/strand\/wp-content\/uploads\/sites\/13\/2023\/06\/Pildid-1920x1080-10.jpg","type":"image\/jpeg"}],"twitter_card":"summary_large_image","schema":{"@context":"https:\/\/schema.org","@graph":[{"@type":"WebPage","@id":"https:\/\/www.hestiahotels.com\/strand\/lv\/aktivas-brivdienas\/padel-shark\/","url":"https:\/\/www.hestiahotels.com\/strand\/lv\/aktivas-brivdienas\/padel-shark\/","name":"Padel Shark % |% %","isPartOf":{"@id":"https:\/\/www.hestiahotels.com\/strand\/#website"},"primaryImageOfPage":{"@id":"https:\/\/www.hestiahotels.com\/strand\/lv\/aktivas-brivdienas\/padel-shark\/#primaryimage"},"image":{"@id":"https:\/\/www.hestiahotels.com\/strand\/lv\/aktivas-brivdienas\/padel-shark\/#primaryimage"},"thumbnailUrl":"https:\/\/www.hestiahotels.com\/strand\/wp-content\/uploads\/sites\/13\/2023\/06\/Pildid-1920x1080-10.jpg","datePublished":"2026-01-31T15:48:12+00:00","description":"Aiz Hestia Hotel Strand atrodas Padel Shark air\u0113\u0161anas laukums, kur var rezerv\u0113t laukumu, iznom\u0101t padel rite\u0146us un bumbi\u0146as un organiz\u0113t pas\u0101kumus.","breadcrumb":{"@id":"https:\/\/www.hestiahotels.com\/strand\/lv\/aktivas-brivdienas\/padel-shark\/#breadcrumb"},"inLanguage":"lv-LV","potentialAction":[{"@type":"ReadAction","target":["https:\/\/www.hestiahotels.com\/strand\/lv\/aktivas-brivdienas\/padel-shark\/"]}]},{"@type":"ImageObject","inLanguage":"lv-LV","@id":"https:\/\/www.hestiahotels.com\/strand\/lv\/aktivas-brivdienas\/padel-shark\/#primaryimage","url":"https:\/\/www.hestiahotels.com\/strand\/wp-content\/uploads\/sites\/13\/2023\/06\/Pildid-1920x1080-10.jpg","contentUrl":"https:\/\/www.hestiahotels.com\/strand\/wp-content\/uploads\/sites\/13\/2023\/06\/Pildid-1920x1080-10.jpg","width":1920,"height":1080,"caption":"Hestia Hotel pludmale"},{"@type":"BreadcrumbList","@id":"https:\/\/www.hestiahotels.com\/strand\/lv\/aktivas-brivdienas\/padel-shark\/#breadcrumb","itemListElement":[{"@type":"ListItem","position":1,"name":"Home","item":"https:\/\/www.hestiahotels.com\/strand\/lv\/"},{"@type":"ListItem","position":2,"name":"Akt\u012bv\u0101s br\u012bvdienas","item":"https:\/\/www.hestiahotels.com\/strand\/lv\/aktivas-brivdienas\/"},{"@type":"ListItem","position":3,"name":"Padel Shark"}]},{"@type":"WebSite","@id":"https:\/\/www.hestiahotels.com\/strand\/#website","url":"https:\/\/www.hestiahotels.com\/strand\/","name":"Hestia Hotel Strand","description":"J\u00e4rjekordne Hestia Group Network veebileht","publisher":{"@id":"https:\/\/www.hestiahotels.com\/strand\/#organization"},"potentialAction":[{"@type":"SearchAction","target":{"@type":"EntryPoint","urlTemplate":"https:\/\/www.hestiahotels.com\/strand\/?s={search_term_string}"},"query-input":{"@type":"PropertyValueSpecification","valueRequired":true,"valueName":"search_term_string"}}],"inLanguage":"lv-LV"},{"@type":"Organization","@id":"https:\/\/www.hestiahotels.com\/strand\/#organization","name":"P\u00e4rnu Spa Hotell O\u00dc","url":"https:\/\/www.hestiahotels.com\/strand\/","logo":{"@type":"ImageObject","inLanguage":"lv-LV","@id":"https:\/\/www.hestiahotels.com\/strand\/#\/schema\/logo\/image\/","url":"https:\/\/www.hestiahotels.com\/strand\/wp-content\/uploads\/sites\/13\/2023\/01\/STRAND_Hori_Tume.png","contentUrl":"https:\/\/www.hestiahotels.com\/strand\/wp-content\/uploads\/sites\/13\/2023\/01\/STRAND_Hori_Tume.png","width":1953,"height":640,"caption":"P\u00e4rnu Spa Hotell O\u00dc"},"image":{"@id":"https:\/\/www.hestiahotels.com\/strand\/#\/schema\/logo\/image\/"},"sameAs":["https:\/\/www.facebook.com\/hestiahotelstrand\/","https:\/\/www.instagram.com\/hestiahotelstrand\/"]}]}},"_links":{"self":[{"href":"https:\/\/www.hestiahotels.com\/strand\/lv\/wp-json\/wp\/v2\/pages\/9345","targetHints":{"allow":["GET"]}}],"collection":[{"href":"https:\/\/www.hestiahotels.com\/strand\/lv\/wp-json\/wp\/v2\/pages"}],"about":[{"href":"https:\/\/www.hestiahotels.com\/strand\/lv\/wp-json\/wp\/v2\/types\/page"}],"author":[{"embeddable":true,"href":"https:\/\/www.hestiahotels.com\/strand\/lv\/wp-json\/wp\/v2\/users\/49"}],"replies":[{"embeddable":true,"href":"https:\/\/www.hestiahotels.com\/strand\/lv\/wp-json\/wp\/v2\/comments?post=9345"}],"version-history":[{"count":0,"href":"https:\/\/www.hestiahotels.com\/strand\/lv\/wp-json\/wp\/v2\/pages\/9345\/revisions"}],"up":[{"embeddable":true,"href":"https:\/\/www.hestiahotels.com\/strand\/lv\/wp-json\/wp\/v2\/pages\/9333"}],"wp:featuredmedia":[{"embeddable":true,"href":"https:\/\/www.hestiahotels.com\/strand\/lv\/wp-json\/wp\/v2\/media\/9347"}],"wp:attachment":[{"href":"https:\/\/www.hestiahotels.com\/strand\/lv\/wp-json\/wp\/v2\/media?parent=9345"}],"curies":[{"name":"wp","href":"https:\/\/api.w.org\/{rel}","templated":true}]}}