{"id":9368,"date":"2026-01-31T17:48:16","date_gmt":"2026-01-31T15:48:16","guid":{"rendered":"https:\/\/www.hestiahotels.com\/strand\/labaka-dzimsanas-diena\/"},"modified":"2026-01-31T19:36:51","modified_gmt":"2026-01-31T17:36:51","slug":"labaka-dzimsanas-diena","status":"publish","type":"page","link":"https:\/\/www.hestiahotels.com\/strand\/lv\/labaka-dzimsanas-diena\/","title":{"rendered":"Lab\u0101k\u0101 dzim\u0161anas diena"},"content":{"rendered":"","protected":false},"excerpt":{"rendered":"","protected":false},"author":49,"featured_media":0,"parent":0,"menu_order":0,"comment_status":"closed","ping_status":"closed","template":"","meta":{"_acf_changed":false,"footnotes":""},"class_list":["post-9368","page","type-page","status-publish","hentry"],"acf":[],"yoast_head":"<!-- This site is optimized with the Yoast SEO plugin v27.2 - https:\/\/yoast.com\/product\/yoast-seo-wordpress\/ -->\n<title>Lab\u0101k\u0101 dzim\u0161anas diena Lotte Toy Studio % | % %<\/title>\n<meta name=\"description\" content=\"T\u0101 b\u016bs lab\u0101k\u0101 dzim\u0161anas diena Lotte Playhouse! M\u016bsu studija ir liela un pla\u0161a, un taj\u0101 var uz\u0146emt daudz b\u0113rnu vai piedz\u012bvojumu k\u0101rus pieaugu\u0161os.\" \/>\n<meta name=\"robots\" content=\"index, follow, max-snippet:-1, max-image-preview:large, max-video-preview:-1\" \/>\n<link rel=\"canonical\" href=\"https:\/\/www.hestiahotels.com\/strand\/lv\/labaka-dzimsanas-diena\/\" \/>\n<meta property=\"og:locale\" content=\"lv_LV\" \/>\n<meta property=\"og:type\" content=\"article\" \/>\n<meta property=\"og:title\" content=\"Lab\u0101k\u0101 dzim\u0161anas diena Lotte Playhouse\" \/>\n<meta property=\"og:description\" content=\"T\u0101 b\u016bs lab\u0101k\u0101 dzim\u0161anas diena Lotte Playhouse! M\u016bsu studija ir liela un pla\u0161a, un taj\u0101 var uz\u0146emt daudz b\u0113rnu vai piedz\u012bvojumu k\u0101rus pieaugu\u0161os.\" \/>\n<meta property=\"og:url\" content=\"https:\/\/www.hestiahotels.com\/strand\/lv\/labaka-dzimsanas-diena\/\" \/>\n<meta property=\"og:site_name\" content=\"Hestia Hotel Strand\" \/>\n<meta property=\"article:publisher\" content=\"https:\/\/www.facebook.com\/hestiahotelstrand\/\" \/>\n<meta property=\"article:modified_time\" content=\"2026-01-31T17:36:51+00:00\" \/>\n<meta property=\"og:image\" content=\"https:\/\/www.hestiahotels.com\/strand\/wp-content\/uploads\/sites\/13\/2022\/12\/1-2-1024x576.jpg\" \/>\n<meta name=\"twitter:card\" content=\"summary_large_image\" \/>\n<meta name=\"twitter:label1\" content=\"Est. reading time\" \/>\n\t<meta name=\"twitter:data1\" content=\"4 minutes\" \/>\n<script type=\"application\/ld+json\" class=\"yoast-schema-graph\">{\"@context\":\"https:\/\/schema.org\",\"@graph\":[{\"@type\":\"WebPage\",\"@id\":\"https:\/\/www.hestiahotels.com\/strand\/lv\/labaka-dzimsanas-diena\/\",\"url\":\"https:\/\/www.hestiahotels.com\/strand\/lv\/labaka-dzimsanas-diena\/\",\"name\":\"Lab\u0101k\u0101 dzim\u0161anas diena Lotte Toy Studio % | % %\",\"isPartOf\":{\"@id\":\"https:\/\/www.hestiahotels.com\/strand\/#website\"},\"datePublished\":\"2026-01-31T15:48:16+00:00\",\"dateModified\":\"2026-01-31T17:36:51+00:00\",\"description\":\"T\u0101 b\u016bs lab\u0101k\u0101 dzim\u0161anas diena Lotte Playhouse! M\u016bsu studija ir liela un pla\u0161a, un taj\u0101 var uz\u0146emt daudz b\u0113rnu vai piedz\u012bvojumu k\u0101rus pieaugu\u0161os.\",\"breadcrumb\":{\"@id\":\"https:\/\/www.hestiahotels.com\/strand\/lv\/labaka-dzimsanas-diena\/#breadcrumb\"},\"inLanguage\":\"lv-LV\",\"potentialAction\":[{\"@type\":\"ReadAction\",\"target\":[\"https:\/\/www.hestiahotels.com\/strand\/lv\/labaka-dzimsanas-diena\/\"]}]},{\"@type\":\"BreadcrumbList\",\"@id\":\"https:\/\/www.hestiahotels.com\/strand\/lv\/labaka-dzimsanas-diena\/#breadcrumb\",\"itemListElement\":[{\"@type\":\"ListItem\",\"position\":1,\"name\":\"Home\",\"item\":\"https:\/\/www.hestiahotels.com\/strand\/lv\/\"},{\"@type\":\"ListItem\",\"position\":2,\"name\":\"Lab\u0101k\u0101 dzim\u0161anas diena\"}]},{\"@type\":\"WebSite\",\"@id\":\"https:\/\/www.hestiahotels.com\/strand\/#website\",\"url\":\"https:\/\/www.hestiahotels.com\/strand\/\",\"name\":\"Hestia Hotel Strand\",\"description\":\"J\u00e4rjekordne Hestia Group Network veebileht\",\"publisher\":{\"@id\":\"https:\/\/www.hestiahotels.com\/strand\/#organization\"},\"potentialAction\":[{\"@type\":\"SearchAction\",\"target\":{\"@type\":\"EntryPoint\",\"urlTemplate\":\"https:\/\/www.hestiahotels.com\/strand\/?s={search_term_string}\"},\"query-input\":{\"@type\":\"PropertyValueSpecification\",\"valueRequired\":true,\"valueName\":\"search_term_string\"}}],\"inLanguage\":\"lv-LV\"},{\"@type\":\"Organization\",\"@id\":\"https:\/\/www.hestiahotels.com\/strand\/#organization\",\"name\":\"P\u00e4rnu Spa Hotell O\u00dc\",\"url\":\"https:\/\/www.hestiahotels.com\/strand\/\",\"logo\":{\"@type\":\"ImageObject\",\"inLanguage\":\"lv-LV\",\"@id\":\"https:\/\/www.hestiahotels.com\/strand\/#\/schema\/logo\/image\/\",\"url\":\"https:\/\/www.hestiahotels.com\/strand\/wp-content\/uploads\/sites\/13\/2023\/01\/STRAND_Hori_Tume.png\",\"contentUrl\":\"https:\/\/www.hestiahotels.com\/strand\/wp-content\/uploads\/sites\/13\/2023\/01\/STRAND_Hori_Tume.png\",\"width\":1953,\"height\":640,\"caption\":\"P\u00e4rnu Spa Hotell O\u00dc\"},\"image\":{\"@id\":\"https:\/\/www.hestiahotels.com\/strand\/#\/schema\/logo\/image\/\"},\"sameAs\":[\"https:\/\/www.facebook.com\/hestiahotelstrand\/\",\"https:\/\/www.instagram.com\/hestiahotelstrand\/\"]}]}<\/script>\n<!-- \/ Yoast SEO plugin. -->","yoast_head_json":{"title":"Lab\u0101k\u0101 dzim\u0161anas diena Lotte Toy Studio % | % %","description":"T\u0101 b\u016bs lab\u0101k\u0101 dzim\u0161anas diena Lotte Playhouse! M\u016bsu studija ir liela un pla\u0161a, un taj\u0101 var uz\u0146emt daudz b\u0113rnu vai piedz\u012bvojumu k\u0101rus pieaugu\u0161os.","robots":{"index":"index","follow":"follow","max-snippet":"max-snippet:-1","max-image-preview":"max-image-preview:large","max-video-preview":"max-video-preview:-1"},"canonical":"https:\/\/www.hestiahotels.com\/strand\/lv\/labaka-dzimsanas-diena\/","og_locale":"lv_LV","og_type":"article","og_title":"Lab\u0101k\u0101 dzim\u0161anas diena Lotte Playhouse","og_description":"T\u0101 b\u016bs lab\u0101k\u0101 dzim\u0161anas diena Lotte Playhouse! M\u016bsu studija ir liela un pla\u0161a, un taj\u0101 var uz\u0146emt daudz b\u0113rnu vai piedz\u012bvojumu k\u0101rus pieaugu\u0161os.","og_url":"https:\/\/www.hestiahotels.com\/strand\/lv\/labaka-dzimsanas-diena\/","og_site_name":"Hestia Hotel Strand","article_publisher":"https:\/\/www.facebook.com\/hestiahotelstrand\/","article_modified_time":"2026-01-31T17:36:51+00:00","og_image":[{"url":"https:\/\/www.hestiahotels.com\/strand\/wp-content\/uploads\/sites\/13\/2022\/12\/1-2-1024x576.jpg","type":"","width":"","height":""}],"twitter_card":"summary_large_image","twitter_misc":{"Est. reading time":"4 minutes"},"schema":{"@context":"https:\/\/schema.org","@graph":[{"@type":"WebPage","@id":"https:\/\/www.hestiahotels.com\/strand\/lv\/labaka-dzimsanas-diena\/","url":"https:\/\/www.hestiahotels.com\/strand\/lv\/labaka-dzimsanas-diena\/","name":"Lab\u0101k\u0101 dzim\u0161anas diena Lotte Toy Studio % | % %","isPartOf":{"@id":"https:\/\/www.hestiahotels.com\/strand\/#website"},"datePublished":"2026-01-31T15:48:16+00:00","dateModified":"2026-01-31T17:36:51+00:00","description":"T\u0101 b\u016bs lab\u0101k\u0101 dzim\u0161anas diena Lotte Playhouse! M\u016bsu studija ir liela un pla\u0161a, un taj\u0101 var uz\u0146emt daudz b\u0113rnu vai piedz\u012bvojumu k\u0101rus pieaugu\u0161os.","breadcrumb":{"@id":"https:\/\/www.hestiahotels.com\/strand\/lv\/labaka-dzimsanas-diena\/#breadcrumb"},"inLanguage":"lv-LV","potentialAction":[{"@type":"ReadAction","target":["https:\/\/www.hestiahotels.com\/strand\/lv\/labaka-dzimsanas-diena\/"]}]},{"@type":"BreadcrumbList","@id":"https:\/\/www.hestiahotels.com\/strand\/lv\/labaka-dzimsanas-diena\/#breadcrumb","itemListElement":[{"@type":"ListItem","position":1,"name":"Home","item":"https:\/\/www.hestiahotels.com\/strand\/lv\/"},{"@type":"ListItem","position":2,"name":"Lab\u0101k\u0101 dzim\u0161anas diena"}]},{"@type":"WebSite","@id":"https:\/\/www.hestiahotels.com\/strand\/#website","url":"https:\/\/www.hestiahotels.com\/strand\/","name":"Hestia Hotel Strand","description":"J\u00e4rjekordne Hestia Group Network veebileht","publisher":{"@id":"https:\/\/www.hestiahotels.com\/strand\/#organization"},"potentialAction":[{"@type":"SearchAction","target":{"@type":"EntryPoint","urlTemplate":"https:\/\/www.hestiahotels.com\/strand\/?s={search_term_string}"},"query-input":{"@type":"PropertyValueSpecification","valueRequired":true,"valueName":"search_term_string"}}],"inLanguage":"lv-LV"},{"@type":"Organization","@id":"https:\/\/www.hestiahotels.com\/strand\/#organization","name":"P\u00e4rnu Spa Hotell O\u00dc","url":"https:\/\/www.hestiahotels.com\/strand\/","logo":{"@type":"ImageObject","inLanguage":"lv-LV","@id":"https:\/\/www.hestiahotels.com\/strand\/#\/schema\/logo\/image\/","url":"https:\/\/www.hestiahotels.com\/strand\/wp-content\/uploads\/sites\/13\/2023\/01\/STRAND_Hori_Tume.png","contentUrl":"https:\/\/www.hestiahotels.com\/strand\/wp-content\/uploads\/sites\/13\/2023\/01\/STRAND_Hori_Tume.png","width":1953,"height":640,"caption":"P\u00e4rnu Spa Hotell O\u00dc"},"image":{"@id":"https:\/\/www.hestiahotels.com\/strand\/#\/schema\/logo\/image\/"},"sameAs":["https:\/\/www.facebook.com\/hestiahotelstrand\/","https:\/\/www.instagram.com\/hestiahotelstrand\/"]}]}},"_links":{"self":[{"href":"https:\/\/www.hestiahotels.com\/strand\/lv\/wp-json\/wp\/v2\/pages\/9368","targetHints":{"allow":["GET"]}}],"collection":[{"href":"https:\/\/www.hestiahotels.com\/strand\/lv\/wp-json\/wp\/v2\/pages"}],"about":[{"href":"https:\/\/www.hestiahotels.com\/strand\/lv\/wp-json\/wp\/v2\/types\/page"}],"author":[{"embeddable":true,"href":"https:\/\/www.hestiahotels.com\/strand\/lv\/wp-json\/wp\/v2\/users\/49"}],"replies":[{"embeddable":true,"href":"https:\/\/www.hestiahotels.com\/strand\/lv\/wp-json\/wp\/v2\/comments?post=9368"}],"version-history":[{"count":1,"href":"https:\/\/www.hestiahotels.com\/strand\/lv\/wp-json\/wp\/v2\/pages\/9368\/revisions"}],"predecessor-version":[{"id":9456,"href":"https:\/\/www.hestiahotels.com\/strand\/lv\/wp-json\/wp\/v2\/pages\/9368\/revisions\/9456"}],"wp:attachment":[{"href":"https:\/\/www.hestiahotels.com\/strand\/lv\/wp-json\/wp\/v2\/media?parent=9368"}],"curies":[{"name":"wp","href":"https:\/\/api.w.org\/{rel}","templated":true}]}}