{"id":3626,"date":"2023-11-01T10:52:13","date_gmt":"2023-11-01T08:52:13","guid":{"rendered":"https:\/\/www.hestiahotels.com\/strand\/?page_id=3626"},"modified":"2023-11-14T11:34:25","modified_gmt":"2023-11-14T09:34:25","slug":"soomaa-rahvuspark","status":"publish","type":"page","link":"https:\/\/www.hestiahotels.com\/strand\/aktiivne-puhkus\/soomaa-rahvuspark\/","title":{"rendered":"Soomaa Rahvuspark"},"content":{"rendered":"","protected":false},"excerpt":{"rendered":"<p>Soomaa rahvuspark kaitseb Vahe-Eesti edelaosa soid, lamminiite, metsi, kaitsealuste liikide elupaiku ja kultuurip\u00e4randit.\u00a0 Siinseks erip\u00e4raks on\u00a0\u00fcleujutused, mida\u00a0kohapeal kutsutakse viiendaks aastaajaks.<\/p>\n","protected":false},"author":49,"featured_media":3633,"parent":1829,"menu_order":0,"comment_status":"closed","ping_status":"closed","template":"","meta":{"_acf_changed":false,"footnotes":""},"class_list":["post-3626","page","type-page","status-publish","has-post-thumbnail","hentry"],"acf":[],"yoast_head":"<!-- This site is optimized with the Yoast SEO plugin v27.2 - https:\/\/yoast.com\/product\/yoast-seo-wordpress\/ -->\n<title>Soomaa Rahvuspark | Hestia Hotel Strand<\/title>\n<meta name=\"description\" content=\"P\u00e4rnu on ideaalne koht, kus v\u00f5tta ette turgutavp\u00e4ev looduses. Tutvu P\u00e4rnumaa looduses liikumise v\u00f5imalustega.\" \/>\n<meta name=\"robots\" content=\"index, follow, max-snippet:-1, max-image-preview:large, max-video-preview:-1\" \/>\n<link rel=\"canonical\" href=\"https:\/\/www.hestiahotels.com\/strand\/aktiivne-puhkus\/soomaa-rahvuspark\/\" \/>\n<meta property=\"og:locale\" content=\"et_EE\" \/>\n<meta property=\"og:type\" content=\"article\" \/>\n<meta property=\"og:title\" content=\"Soomaa Rahvuspark | Hestia Hotel Strand\" \/>\n<meta property=\"og:description\" content=\"P\u00e4rnu on ideaalne koht, kus v\u00f5tta ette turgutavp\u00e4ev looduses. Tutvu P\u00e4rnumaa looduses liikumise v\u00f5imalustega.\" \/>\n<meta property=\"og:url\" content=\"https:\/\/www.hestiahotels.com\/strand\/aktiivne-puhkus\/soomaa-rahvuspark\/\" \/>\n<meta property=\"og:site_name\" content=\"Hestia Hotel Strand\" \/>\n<meta property=\"article:publisher\" content=\"https:\/\/www.facebook.com\/hestiahotelstrand\/\" \/>\n<meta property=\"article:modified_time\" content=\"2023-11-14T09:34:25+00:00\" \/>\n<meta property=\"og:image\" content=\"https:\/\/www.hestiahotels.com\/strand\/wp-content\/uploads\/sites\/13\/2023\/11\/51381107762_42eeed1d08_o-2048x1498-1.jpg\" \/>\n\t<meta property=\"og:image:width\" content=\"2048\" \/>\n\t<meta property=\"og:image:height\" content=\"1498\" \/>\n\t<meta property=\"og:image:type\" content=\"image\/jpeg\" \/>\n<meta name=\"twitter:card\" content=\"summary_large_image\" \/>\n<script type=\"application\/ld+json\" class=\"yoast-schema-graph\">{\"@context\":\"https:\/\/schema.org\",\"@graph\":[{\"@type\":\"WebPage\",\"@id\":\"https:\/\/www.hestiahotels.com\/strand\/aktiivne-puhkus\/soomaa-rahvuspark\/\",\"url\":\"https:\/\/www.hestiahotels.com\/strand\/aktiivne-puhkus\/soomaa-rahvuspark\/\",\"name\":\"Soomaa Rahvuspark | Hestia Hotel Strand\",\"isPartOf\":{\"@id\":\"https:\/\/www.hestiahotels.com\/strand\/#website\"},\"primaryImageOfPage\":{\"@id\":\"https:\/\/www.hestiahotels.com\/strand\/aktiivne-puhkus\/soomaa-rahvuspark\/#primaryimage\"},\"image\":{\"@id\":\"https:\/\/www.hestiahotels.com\/strand\/aktiivne-puhkus\/soomaa-rahvuspark\/#primaryimage\"},\"thumbnailUrl\":\"https:\/\/www.hestiahotels.com\/strand\/wp-content\/uploads\/sites\/13\/2023\/11\/51381107762_42eeed1d08_o-2048x1498-1.jpg\",\"datePublished\":\"2023-11-01T08:52:13+00:00\",\"dateModified\":\"2023-11-14T09:34:25+00:00\",\"description\":\"P\u00e4rnu on ideaalne koht, kus v\u00f5tta ette turgutavp\u00e4ev looduses. Tutvu P\u00e4rnumaa looduses liikumise v\u00f5imalustega.\",\"breadcrumb\":{\"@id\":\"https:\/\/www.hestiahotels.com\/strand\/aktiivne-puhkus\/soomaa-rahvuspark\/#breadcrumb\"},\"inLanguage\":\"et\",\"potentialAction\":[{\"@type\":\"ReadAction\",\"target\":[\"https:\/\/www.hestiahotels.com\/strand\/aktiivne-puhkus\/soomaa-rahvuspark\/\"]}]},{\"@type\":\"ImageObject\",\"inLanguage\":\"et\",\"@id\":\"https:\/\/www.hestiahotels.com\/strand\/aktiivne-puhkus\/soomaa-rahvuspark\/#primaryimage\",\"url\":\"https:\/\/www.hestiahotels.com\/strand\/wp-content\/uploads\/sites\/13\/2023\/11\/51381107762_42eeed1d08_o-2048x1498-1.jpg\",\"contentUrl\":\"https:\/\/www.hestiahotels.com\/strand\/wp-content\/uploads\/sites\/13\/2023\/11\/51381107762_42eeed1d08_o-2048x1498-1.jpg\",\"width\":2048,\"height\":1498},{\"@type\":\"BreadcrumbList\",\"@id\":\"https:\/\/www.hestiahotels.com\/strand\/aktiivne-puhkus\/soomaa-rahvuspark\/#breadcrumb\",\"itemListElement\":[{\"@type\":\"ListItem\",\"position\":1,\"name\":\"Home\",\"item\":\"https:\/\/www.hestiahotels.com\/strand\/\"},{\"@type\":\"ListItem\",\"position\":2,\"name\":\"Aktiivne puhkus\",\"item\":\"https:\/\/www.hestiahotels.com\/strand\/aktiivne-puhkus\/\"},{\"@type\":\"ListItem\",\"position\":3,\"name\":\"Soomaa Rahvuspark\"}]},{\"@type\":\"WebSite\",\"@id\":\"https:\/\/www.hestiahotels.com\/strand\/#website\",\"url\":\"https:\/\/www.hestiahotels.com\/strand\/\",\"name\":\"Hestia Hotel Strand\",\"description\":\"J\u00e4rjekordne Hestia Group Network veebileht\",\"publisher\":{\"@id\":\"https:\/\/www.hestiahotels.com\/strand\/#organization\"},\"potentialAction\":[{\"@type\":\"SearchAction\",\"target\":{\"@type\":\"EntryPoint\",\"urlTemplate\":\"https:\/\/www.hestiahotels.com\/strand\/?s={search_term_string}\"},\"query-input\":{\"@type\":\"PropertyValueSpecification\",\"valueRequired\":true,\"valueName\":\"search_term_string\"}}],\"inLanguage\":\"et\"},{\"@type\":\"Organization\",\"@id\":\"https:\/\/www.hestiahotels.com\/strand\/#organization\",\"name\":\"P\u00e4rnu Spa Hotell O\u00dc\",\"url\":\"https:\/\/www.hestiahotels.com\/strand\/\",\"logo\":{\"@type\":\"ImageObject\",\"inLanguage\":\"et\",\"@id\":\"https:\/\/www.hestiahotels.com\/strand\/#\/schema\/logo\/image\/\",\"url\":\"https:\/\/www.hestiahotels.com\/strand\/wp-content\/uploads\/sites\/13\/2023\/01\/STRAND_Hori_Tume.png\",\"contentUrl\":\"https:\/\/www.hestiahotels.com\/strand\/wp-content\/uploads\/sites\/13\/2023\/01\/STRAND_Hori_Tume.png\",\"width\":1953,\"height\":640,\"caption\":\"P\u00e4rnu Spa Hotell O\u00dc\"},\"image\":{\"@id\":\"https:\/\/www.hestiahotels.com\/strand\/#\/schema\/logo\/image\/\"},\"sameAs\":[\"https:\/\/www.facebook.com\/hestiahotelstrand\/\",\"https:\/\/www.instagram.com\/hestiahotelstrand\/\"]}]}<\/script>\n<!-- \/ Yoast SEO plugin. -->","yoast_head_json":{"title":"Soomaa Rahvuspark | Hestia Hotel Strand","description":"P\u00e4rnu on ideaalne koht, kus v\u00f5tta ette turgutavp\u00e4ev looduses. Tutvu P\u00e4rnumaa looduses liikumise v\u00f5imalustega.","robots":{"index":"index","follow":"follow","max-snippet":"max-snippet:-1","max-image-preview":"max-image-preview:large","max-video-preview":"max-video-preview:-1"},"canonical":"https:\/\/www.hestiahotels.com\/strand\/aktiivne-puhkus\/soomaa-rahvuspark\/","og_locale":"et_EE","og_type":"article","og_title":"Soomaa Rahvuspark | Hestia Hotel Strand","og_description":"P\u00e4rnu on ideaalne koht, kus v\u00f5tta ette turgutavp\u00e4ev looduses. Tutvu P\u00e4rnumaa looduses liikumise v\u00f5imalustega.","og_url":"https:\/\/www.hestiahotels.com\/strand\/aktiivne-puhkus\/soomaa-rahvuspark\/","og_site_name":"Hestia Hotel Strand","article_publisher":"https:\/\/www.facebook.com\/hestiahotelstrand\/","article_modified_time":"2023-11-14T09:34:25+00:00","og_image":[{"width":2048,"height":1498,"url":"https:\/\/www.hestiahotels.com\/strand\/wp-content\/uploads\/sites\/13\/2023\/11\/51381107762_42eeed1d08_o-2048x1498-1.jpg","type":"image\/jpeg"}],"twitter_card":"summary_large_image","schema":{"@context":"https:\/\/schema.org","@graph":[{"@type":"WebPage","@id":"https:\/\/www.hestiahotels.com\/strand\/aktiivne-puhkus\/soomaa-rahvuspark\/","url":"https:\/\/www.hestiahotels.com\/strand\/aktiivne-puhkus\/soomaa-rahvuspark\/","name":"Soomaa Rahvuspark | Hestia Hotel Strand","isPartOf":{"@id":"https:\/\/www.hestiahotels.com\/strand\/#website"},"primaryImageOfPage":{"@id":"https:\/\/www.hestiahotels.com\/strand\/aktiivne-puhkus\/soomaa-rahvuspark\/#primaryimage"},"image":{"@id":"https:\/\/www.hestiahotels.com\/strand\/aktiivne-puhkus\/soomaa-rahvuspark\/#primaryimage"},"thumbnailUrl":"https:\/\/www.hestiahotels.com\/strand\/wp-content\/uploads\/sites\/13\/2023\/11\/51381107762_42eeed1d08_o-2048x1498-1.jpg","datePublished":"2023-11-01T08:52:13+00:00","dateModified":"2023-11-14T09:34:25+00:00","description":"P\u00e4rnu on ideaalne koht, kus v\u00f5tta ette turgutavp\u00e4ev looduses. Tutvu P\u00e4rnumaa looduses liikumise v\u00f5imalustega.","breadcrumb":{"@id":"https:\/\/www.hestiahotels.com\/strand\/aktiivne-puhkus\/soomaa-rahvuspark\/#breadcrumb"},"inLanguage":"et","potentialAction":[{"@type":"ReadAction","target":["https:\/\/www.hestiahotels.com\/strand\/aktiivne-puhkus\/soomaa-rahvuspark\/"]}]},{"@type":"ImageObject","inLanguage":"et","@id":"https:\/\/www.hestiahotels.com\/strand\/aktiivne-puhkus\/soomaa-rahvuspark\/#primaryimage","url":"https:\/\/www.hestiahotels.com\/strand\/wp-content\/uploads\/sites\/13\/2023\/11\/51381107762_42eeed1d08_o-2048x1498-1.jpg","contentUrl":"https:\/\/www.hestiahotels.com\/strand\/wp-content\/uploads\/sites\/13\/2023\/11\/51381107762_42eeed1d08_o-2048x1498-1.jpg","width":2048,"height":1498},{"@type":"BreadcrumbList","@id":"https:\/\/www.hestiahotels.com\/strand\/aktiivne-puhkus\/soomaa-rahvuspark\/#breadcrumb","itemListElement":[{"@type":"ListItem","position":1,"name":"Home","item":"https:\/\/www.hestiahotels.com\/strand\/"},{"@type":"ListItem","position":2,"name":"Aktiivne puhkus","item":"https:\/\/www.hestiahotels.com\/strand\/aktiivne-puhkus\/"},{"@type":"ListItem","position":3,"name":"Soomaa Rahvuspark"}]},{"@type":"WebSite","@id":"https:\/\/www.hestiahotels.com\/strand\/#website","url":"https:\/\/www.hestiahotels.com\/strand\/","name":"Hestia Hotel Strand","description":"J\u00e4rjekordne Hestia Group Network veebileht","publisher":{"@id":"https:\/\/www.hestiahotels.com\/strand\/#organization"},"potentialAction":[{"@type":"SearchAction","target":{"@type":"EntryPoint","urlTemplate":"https:\/\/www.hestiahotels.com\/strand\/?s={search_term_string}"},"query-input":{"@type":"PropertyValueSpecification","valueRequired":true,"valueName":"search_term_string"}}],"inLanguage":"et"},{"@type":"Organization","@id":"https:\/\/www.hestiahotels.com\/strand\/#organization","name":"P\u00e4rnu Spa Hotell O\u00dc","url":"https:\/\/www.hestiahotels.com\/strand\/","logo":{"@type":"ImageObject","inLanguage":"et","@id":"https:\/\/www.hestiahotels.com\/strand\/#\/schema\/logo\/image\/","url":"https:\/\/www.hestiahotels.com\/strand\/wp-content\/uploads\/sites\/13\/2023\/01\/STRAND_Hori_Tume.png","contentUrl":"https:\/\/www.hestiahotels.com\/strand\/wp-content\/uploads\/sites\/13\/2023\/01\/STRAND_Hori_Tume.png","width":1953,"height":640,"caption":"P\u00e4rnu Spa Hotell O\u00dc"},"image":{"@id":"https:\/\/www.hestiahotels.com\/strand\/#\/schema\/logo\/image\/"},"sameAs":["https:\/\/www.facebook.com\/hestiahotelstrand\/","https:\/\/www.instagram.com\/hestiahotelstrand\/"]}]}},"_links":{"self":[{"href":"https:\/\/www.hestiahotels.com\/strand\/wp-json\/wp\/v2\/pages\/3626","targetHints":{"allow":["GET"]}}],"collection":[{"href":"https:\/\/www.hestiahotels.com\/strand\/wp-json\/wp\/v2\/pages"}],"about":[{"href":"https:\/\/www.hestiahotels.com\/strand\/wp-json\/wp\/v2\/types\/page"}],"author":[{"embeddable":true,"href":"https:\/\/www.hestiahotels.com\/strand\/wp-json\/wp\/v2\/users\/49"}],"replies":[{"embeddable":true,"href":"https:\/\/www.hestiahotels.com\/strand\/wp-json\/wp\/v2\/comments?post=3626"}],"version-history":[{"count":6,"href":"https:\/\/www.hestiahotels.com\/strand\/wp-json\/wp\/v2\/pages\/3626\/revisions"}],"predecessor-version":[{"id":3636,"href":"https:\/\/www.hestiahotels.com\/strand\/wp-json\/wp\/v2\/pages\/3626\/revisions\/3636"}],"up":[{"embeddable":true,"href":"https:\/\/www.hestiahotels.com\/strand\/wp-json\/wp\/v2\/pages\/1829"}],"wp:featuredmedia":[{"embeddable":true,"href":"https:\/\/www.hestiahotels.com\/strand\/wp-json\/wp\/v2\/media\/3633"}],"wp:attachment":[{"href":"https:\/\/www.hestiahotels.com\/strand\/wp-json\/wp\/v2\/media?parent=3626"}],"curies":[{"name":"wp","href":"https:\/\/api.w.org\/{rel}","templated":true}]}}